{"id":58,"date":"2024-12-09T09:32:39","date_gmt":"2024-12-09T08:32:39","guid":{"rendered":"http:\/\/naturrn.cluster029.hosting.ovh.net\/?page_id=58"},"modified":"2025-06-05T16:04:14","modified_gmt":"2025-06-05T14:04:14","slug":"a-propos","status":"publish","type":"page","link":"https:\/\/www.naturezvous78.fr\/index.php\/a-propos\/","title":{"rendered":"A propos de moi&#8230;"},"content":{"rendered":"\n<figure class=\"wp-block-image size-large is-resized\"><img fetchpriority=\"high\" decoding=\"async\" width=\"768\" height=\"1024\" src=\"https:\/\/www.naturezvous78.fr\/wp-content\/uploads\/2025\/03\/IMG_9785-1-768x1024.jpeg\" alt=\"\" class=\"wp-image-161\" style=\"width:245px;height:auto\" srcset=\"https:\/\/www.naturezvous78.fr\/wp-content\/uploads\/2025\/03\/IMG_9785-1-768x1024.jpeg 768w, https:\/\/www.naturezvous78.fr\/wp-content\/uploads\/2025\/03\/IMG_9785-1-225x300.jpeg 225w, https:\/\/www.naturezvous78.fr\/wp-content\/uploads\/2025\/03\/IMG_9785-1-1152x1536.jpeg 1152w, https:\/\/www.naturezvous78.fr\/wp-content\/uploads\/2025\/03\/IMG_9785-1-1536x2048.jpeg 1536w, https:\/\/www.naturezvous78.fr\/wp-content\/uploads\/2025\/03\/IMG_9785-1-1170x1560.jpeg 1170w, https:\/\/www.naturezvous78.fr\/wp-content\/uploads\/2025\/03\/IMG_9785-1.jpeg 1777w\" sizes=\"(max-width: 768px) 100vw, 768px\" \/><\/figure>\n\n\n\n<p>Bonjour, je m&rsquo;appelle Constance votre naturopathe certifi\u00e9e et sp\u00e9cialis\u00e9e en nutrition. Mon objectif est de vous accompagner dans votre quotidien afin de vous aider \u00e0 retrouver un \u00e9quilibre de sant\u00e9 global. La naturopathie me permet d&rsquo; offrir une approche pr\u00e9ventive et naturelle pour vous accompagner vers un meilleur \u00e9quilibre de vie. Aujourd&rsquo;hui, je mets \u00e0 profit mes comp\u00e9tences et mon expertise en naturopathie pour vous proposer un accompagnement personnalis\u00e9 et respectueux du rythme de chacun.<\/p>\n\n\n\n<p>Maman de trois enfants, je me suis dirig\u00e9e tr\u00e8s spontan\u00e9ment vers des m\u00e9decines douces telle l&rsquo;ost\u00e9opathie, la sophrologie, la psychomotricit\u00e9, la micro kyn\u00e9sie ou la psychologie pour accompagner mes enfants en compl\u00e9mentarit\u00e9 de la m\u00e9decine allopathique. J&rsquo;ai pu aussi de mon c\u00f4t\u00e9 exp\u00e9rimenter l&rsquo;hypnoth\u00e9rapie ! Ces diff\u00e9rentes exp\u00e9riences m&rsquo;ont permis de constater tout les b\u00e9n\u00e9fices que peuvent apporter ces m\u00e9decines dites \u00ab\u00a0douces\u00a0\u00bb. <\/p>\n\n\n\n<p>C&rsquo;est donc tout naturellement qu&rsquo;apr\u00e8s quelques ann\u00e9es de travail en bureau qui manquait de sens pour moi, une reconversion dans un domaine du bien-\u00eatre et de l&rsquo;aide \u00e0 la personne s&rsquo;est impos\u00e9 \u00e0 moi. La naturopathie me permet d&rsquo;\u00eatre une accompagnante \u00e0 la personne, ayant \u00e0 sa disposition un \u00e9ventail d&rsquo;outils naturels r\u00e9pondant aux sp\u00e9cificit\u00e9s de chacun.<\/p>\n\n\n\n<p>La passion pour l&rsquo;alimentation et la di\u00e9t\u00e9tique qui me tient \u00e0 coeur depuis mon adolescence m&rsquo;a \u00e9videmment conduite \u00e0 choisir une sp\u00e9cialit\u00e9 en nutrition. Cette sp\u00e9cialit\u00e9 me permet de pouvoir vous accompagner dans votre \u00e9quilibre alimentaire quotidien mais aussi sur des sujets plus pr\u00e9cis telle la perte de poids ou des d\u00e9s\u00e9quilibres digestifs.<\/p>\n\n\n\n<p><strong>Ma formation:<\/strong><\/p>\n\n\n\n<p>En d\u00e9cidant de me former \u00e0 la naturopathie, il \u00e9tait tr\u00e8s important pour moi de trouver une formation tr\u00e8s s\u00e9rieuse afin que mon certificat ait du sens. J&rsquo;ai donc choisi une \u00e9cole \u00e0 distance reconnue par l&rsquo;Etat (Kor\u00e9va) qui me permet d&rsquo;\u00eatre <strong>certifi\u00e9e naturopathe de niveau 2 <\/strong>avec une <strong>sp\u00e9cialit\u00e9 en di\u00e9t\u00e9tique<\/strong>, valid\u00e9e par des cours compl\u00e9mentaires et deux stages pratiques encadr\u00e9e par une di\u00e9t\u00e9ticienne professionnelle.<\/p>\n\n\n\n<p>Je suis aussi form\u00e9e aux <strong>fleurs de Bach<\/strong>, \u00e0 la <strong>r\u00e9flexologie plantaire et faciale <\/strong>et aux <strong>huiles essentielles <\/strong>(l&rsquo;ensemble de mes certificats peut \u00eatre consult\u00e9 \u00e0 votre demande) gr\u00e2ce \u00e0 la fois \u00e0 des cours th\u00e9oriques mais aussi \u00e0 des formations pratiques encadr\u00e9es par des professionnels de sant\u00e9 reconnus dans leur domaine.<\/p>\n\n\n\n<p>Je suis affili\u00e9e au <strong>Syndicat des Professionnels de la Naturopathie<\/strong>, ce qui m&rsquo;engage \u00e0 respecter leurs valeurs et leur d\u00e9ontologie de travail telle le secret professionnel, le respect de votre int\u00e9grit\u00e9 morale et physique. <a href=\"https:\/\/syndicat-naturopathie.fr\">https:\/\/syndicat-naturopathie.fr<\/a><\/p>\n\n\n\n<p>Je suis naturopathe , non m\u00e9decin ce qui ne me permettra pas de vous d\u00e9livrer des ordonnances, de vous prescrire des examens m\u00e9dicaux ou faire des diagnostics. Mon r\u00f4le est d&rsquo;\u00eatre compl\u00e9mentaire \u00e0 la m\u00e9decine dite allopathique et je vous guiderai vers le m\u00e9decin adapt\u00e9 en cas de n\u00e9cessit\u00e9: je suis l\u00e0 pour vous faire gagner en vitalit\u00e9, en am\u00e9liorant votre \u00e9quilibre de vie.<\/p>\n\n\n\n<figure class=\"wp-block-image alignright size-full is-resized\"><img decoding=\"async\" width=\"339\" height=\"149\" src=\"http:\/\/www.naturezvous78.fr\/wp-content\/uploads\/2025\/03\/koreva.png\" alt=\"\" class=\"wp-image-121\" style=\"width:220px;height:auto\" srcset=\"https:\/\/www.naturezvous78.fr\/wp-content\/uploads\/2025\/03\/koreva.png 339w, https:\/\/www.naturezvous78.fr\/wp-content\/uploads\/2025\/03\/koreva-300x132.png 300w\" sizes=\"(max-width: 339px) 100vw, 339px\" \/><\/figure>\n\n\n\n<figure class=\"wp-block-image alignright size-large is-resized\"><img decoding=\"async\" width=\"1024\" height=\"382\" src=\"https:\/\/www.naturezvous78.fr\/wp-content\/uploads\/2025\/03\/logo-spn-1024x382.png\" alt=\"\" class=\"wp-image-151\" style=\"width:220px;height:auto\" srcset=\"https:\/\/www.naturezvous78.fr\/wp-content\/uploads\/2025\/03\/logo-spn-1024x382.png 1024w, https:\/\/www.naturezvous78.fr\/wp-content\/uploads\/2025\/03\/logo-spn-300x112.png 300w, https:\/\/www.naturezvous78.fr\/wp-content\/uploads\/2025\/03\/logo-spn-768x287.png 768w, https:\/\/www.naturezvous78.fr\/wp-content\/uploads\/2025\/03\/logo-spn-1536x574.png 1536w, https:\/\/www.naturezvous78.fr\/wp-content\/uploads\/2025\/03\/logo-spn-1170x437.png 1170w, https:\/\/www.naturezvous78.fr\/wp-content\/uploads\/2025\/03\/logo-spn.png 1920w\" sizes=\"(max-width: 1024px) 100vw, 1024px\" \/><\/figure>\n\n\n\n<figure class=\"wp-block-image size-full\"><a href=\"https:\/\/www.medoucine.com\/consultation\/feucherolles\/constance-buis-de-boussac\/18666?utm_source=bouton-rdv&amp;utm_medium=pack-com&amp;utm_campaign=constance-buis-de-boussac\"><img loading=\"lazy\" decoding=\"async\" width=\"221\" height=\"47\" src=\"https:\/\/www.naturezvous78.fr\/wp-content\/uploads\/2025\/06\/button.jpg\" alt=\"\" class=\"wp-image-175\"\/><\/a><\/figure>\n\n\n\n<figure class=\"wp-block-image size-full is-resized\"><img loading=\"lazy\" decoding=\"async\" width=\"425\" height=\"425\" src=\"https:\/\/www.naturezvous78.fr\/wp-content\/uploads\/2025\/06\/macaron-medoucine.jpg\" alt=\"\" class=\"wp-image-178\" style=\"width:223px;height:auto\" srcset=\"https:\/\/www.naturezvous78.fr\/wp-content\/uploads\/2025\/06\/macaron-medoucine.jpg 425w, https:\/\/www.naturezvous78.fr\/wp-content\/uploads\/2025\/06\/macaron-medoucine-300x300.jpg 300w, https:\/\/www.naturezvous78.fr\/wp-content\/uploads\/2025\/06\/macaron-medoucine-150x150.jpg 150w\" sizes=\"(max-width: 425px) 100vw, 425px\" \/><\/figure>\n\n\n\n<p><\/p>\n","protected":false},"excerpt":{"rendered":"<p>Bonjour, je m&rsquo;appelle Constance votre naturopathe certifi\u00e9e et sp\u00e9cialis\u00e9e en nutrition. Mon objectif est de vous accompagner dans votre quotidien afin de vous aider \u00e0 retrouver un \u00e9quilibre de sant\u00e9 [&hellip;]<\/p>\n","protected":false},"author":1,"featured_media":0,"parent":0,"menu_order":0,"comment_status":"closed","ping_status":"closed","template":"","meta":{"footnotes":""},"class_list":["post-58","page","type-page","status-publish","hentry"],"yoast_head":"<!-- This site is optimized with the Yoast SEO plugin v24.2 - https:\/\/yoast.com\/wordpress\/plugins\/seo\/ -->\n<title>A propos de moi... - Naturez-Vous 78<\/title>\n<meta name=\"robots\" content=\"index, follow, max-snippet:-1, max-image-preview:large, max-video-preview:-1\" \/>\n<link rel=\"canonical\" href=\"https:\/\/www.naturezvous78.fr\/index.php\/a-propos\/\" \/>\n<meta property=\"og:locale\" content=\"fr_FR\" \/>\n<meta property=\"og:type\" content=\"article\" \/>\n<meta property=\"og:title\" content=\"A propos de moi... - Naturez-Vous 78\" \/>\n<meta property=\"og:description\" content=\"Bonjour, je m&rsquo;appelle Constance votre naturopathe certifi\u00e9e et sp\u00e9cialis\u00e9e en nutrition. Mon objectif est de vous accompagner dans votre quotidien afin de vous aider \u00e0 retrouver un \u00e9quilibre de sant\u00e9 [&hellip;]\" \/>\n<meta property=\"og:url\" content=\"https:\/\/www.naturezvous78.fr\/index.php\/a-propos\/\" \/>\n<meta property=\"og:site_name\" content=\"Naturez-Vous 78\" \/>\n<meta property=\"article:modified_time\" content=\"2025-06-05T14:04:14+00:00\" \/>\n<meta property=\"og:image\" content=\"https:\/\/www.naturezvous78.fr\/wp-content\/uploads\/2025\/03\/IMG_9785-1.jpeg\" \/>\n\t<meta property=\"og:image:width\" content=\"1777\" \/>\n\t<meta property=\"og:image:height\" content=\"2369\" \/>\n\t<meta property=\"og:image:type\" content=\"image\/jpeg\" \/>\n<meta name=\"twitter:card\" content=\"summary_large_image\" \/>\n<meta name=\"twitter:label1\" content=\"Dur\u00e9e de lecture estim\u00e9e\" \/>\n\t<meta name=\"twitter:data1\" content=\"4 minutes\" \/>\n<script type=\"application\/ld+json\" class=\"yoast-schema-graph\">{\"@context\":\"https:\/\/schema.org\",\"@graph\":[{\"@type\":\"WebPage\",\"@id\":\"https:\/\/www.naturezvous78.fr\/index.php\/a-propos\/\",\"url\":\"https:\/\/www.naturezvous78.fr\/index.php\/a-propos\/\",\"name\":\"A propos de moi... - Naturez-Vous 78\",\"isPartOf\":{\"@id\":\"https:\/\/www.naturezvous78.fr\/#website\"},\"primaryImageOfPage\":{\"@id\":\"https:\/\/www.naturezvous78.fr\/index.php\/a-propos\/#primaryimage\"},\"image\":{\"@id\":\"https:\/\/www.naturezvous78.fr\/index.php\/a-propos\/#primaryimage\"},\"thumbnailUrl\":\"https:\/\/www.naturezvous78.fr\/wp-content\/uploads\/2025\/03\/IMG_9785-1-768x1024.jpeg\",\"datePublished\":\"2024-12-09T08:32:39+00:00\",\"dateModified\":\"2025-06-05T14:04:14+00:00\",\"breadcrumb\":{\"@id\":\"https:\/\/www.naturezvous78.fr\/index.php\/a-propos\/#breadcrumb\"},\"inLanguage\":\"fr-FR\",\"potentialAction\":[{\"@type\":\"ReadAction\",\"target\":[\"https:\/\/www.naturezvous78.fr\/index.php\/a-propos\/\"]}]},{\"@type\":\"ImageObject\",\"inLanguage\":\"fr-FR\",\"@id\":\"https:\/\/www.naturezvous78.fr\/index.php\/a-propos\/#primaryimage\",\"url\":\"https:\/\/www.naturezvous78.fr\/wp-content\/uploads\/2025\/03\/IMG_9785-1.jpeg\",\"contentUrl\":\"https:\/\/www.naturezvous78.fr\/wp-content\/uploads\/2025\/03\/IMG_9785-1.jpeg\",\"width\":1777,\"height\":2369},{\"@type\":\"BreadcrumbList\",\"@id\":\"https:\/\/www.naturezvous78.fr\/index.php\/a-propos\/#breadcrumb\",\"itemListElement\":[{\"@type\":\"ListItem\",\"position\":1,\"name\":\"Accueil\",\"item\":\"https:\/\/www.naturezvous78.fr\/\"},{\"@type\":\"ListItem\",\"position\":2,\"name\":\"A propos de moi&#8230;\"}]},{\"@type\":\"WebSite\",\"@id\":\"https:\/\/www.naturezvous78.fr\/#website\",\"url\":\"https:\/\/www.naturezvous78.fr\/\",\"name\":\"Naturez-Vous 78\",\"description\":\"La sant\u00e9 par la nature\",\"publisher\":{\"@id\":\"https:\/\/www.naturezvous78.fr\/#organization\"},\"potentialAction\":[{\"@type\":\"SearchAction\",\"target\":{\"@type\":\"EntryPoint\",\"urlTemplate\":\"https:\/\/www.naturezvous78.fr\/?s={search_term_string}\"},\"query-input\":{\"@type\":\"PropertyValueSpecification\",\"valueRequired\":true,\"valueName\":\"search_term_string\"}}],\"inLanguage\":\"fr-FR\"},{\"@type\":\"Organization\",\"@id\":\"https:\/\/www.naturezvous78.fr\/#organization\",\"name\":\"Naturez-Vous 78\",\"url\":\"https:\/\/www.naturezvous78.fr\/\",\"logo\":{\"@type\":\"ImageObject\",\"inLanguage\":\"fr-FR\",\"@id\":\"https:\/\/www.naturezvous78.fr\/#\/schema\/logo\/image\/\",\"url\":\"https:\/\/www.naturezvous78.fr\/wp-content\/uploads\/2025\/03\/LOGOdefCONSTANCE2-2.png\",\"contentUrl\":\"https:\/\/www.naturezvous78.fr\/wp-content\/uploads\/2025\/03\/LOGOdefCONSTANCE2-2.png\",\"width\":1293,\"height\":1509,\"caption\":\"Naturez-Vous 78\"},\"image\":{\"@id\":\"https:\/\/www.naturezvous78.fr\/#\/schema\/logo\/image\/\"}}]}<\/script>\n<!-- \/ Yoast SEO plugin. -->","yoast_head_json":{"title":"A propos de moi... - Naturez-Vous 78","robots":{"index":"index","follow":"follow","max-snippet":"max-snippet:-1","max-image-preview":"max-image-preview:large","max-video-preview":"max-video-preview:-1"},"canonical":"https:\/\/www.naturezvous78.fr\/index.php\/a-propos\/","og_locale":"fr_FR","og_type":"article","og_title":"A propos de moi... - Naturez-Vous 78","og_description":"Bonjour, je m&rsquo;appelle Constance votre naturopathe certifi\u00e9e et sp\u00e9cialis\u00e9e en nutrition. Mon objectif est de vous accompagner dans votre quotidien afin de vous aider \u00e0 retrouver un \u00e9quilibre de sant\u00e9 [&hellip;]","og_url":"https:\/\/www.naturezvous78.fr\/index.php\/a-propos\/","og_site_name":"Naturez-Vous 78","article_modified_time":"2025-06-05T14:04:14+00:00","og_image":[{"width":1777,"height":2369,"url":"https:\/\/www.naturezvous78.fr\/wp-content\/uploads\/2025\/03\/IMG_9785-1.jpeg","type":"image\/jpeg"}],"twitter_card":"summary_large_image","twitter_misc":{"Dur\u00e9e de lecture estim\u00e9e":"4 minutes"},"schema":{"@context":"https:\/\/schema.org","@graph":[{"@type":"WebPage","@id":"https:\/\/www.naturezvous78.fr\/index.php\/a-propos\/","url":"https:\/\/www.naturezvous78.fr\/index.php\/a-propos\/","name":"A propos de moi... - Naturez-Vous 78","isPartOf":{"@id":"https:\/\/www.naturezvous78.fr\/#website"},"primaryImageOfPage":{"@id":"https:\/\/www.naturezvous78.fr\/index.php\/a-propos\/#primaryimage"},"image":{"@id":"https:\/\/www.naturezvous78.fr\/index.php\/a-propos\/#primaryimage"},"thumbnailUrl":"https:\/\/www.naturezvous78.fr\/wp-content\/uploads\/2025\/03\/IMG_9785-1-768x1024.jpeg","datePublished":"2024-12-09T08:32:39+00:00","dateModified":"2025-06-05T14:04:14+00:00","breadcrumb":{"@id":"https:\/\/www.naturezvous78.fr\/index.php\/a-propos\/#breadcrumb"},"inLanguage":"fr-FR","potentialAction":[{"@type":"ReadAction","target":["https:\/\/www.naturezvous78.fr\/index.php\/a-propos\/"]}]},{"@type":"ImageObject","inLanguage":"fr-FR","@id":"https:\/\/www.naturezvous78.fr\/index.php\/a-propos\/#primaryimage","url":"https:\/\/www.naturezvous78.fr\/wp-content\/uploads\/2025\/03\/IMG_9785-1.jpeg","contentUrl":"https:\/\/www.naturezvous78.fr\/wp-content\/uploads\/2025\/03\/IMG_9785-1.jpeg","width":1777,"height":2369},{"@type":"BreadcrumbList","@id":"https:\/\/www.naturezvous78.fr\/index.php\/a-propos\/#breadcrumb","itemListElement":[{"@type":"ListItem","position":1,"name":"Accueil","item":"https:\/\/www.naturezvous78.fr\/"},{"@type":"ListItem","position":2,"name":"A propos de moi&#8230;"}]},{"@type":"WebSite","@id":"https:\/\/www.naturezvous78.fr\/#website","url":"https:\/\/www.naturezvous78.fr\/","name":"Naturez-Vous 78","description":"La sant\u00e9 par la nature","publisher":{"@id":"https:\/\/www.naturezvous78.fr\/#organization"},"potentialAction":[{"@type":"SearchAction","target":{"@type":"EntryPoint","urlTemplate":"https:\/\/www.naturezvous78.fr\/?s={search_term_string}"},"query-input":{"@type":"PropertyValueSpecification","valueRequired":true,"valueName":"search_term_string"}}],"inLanguage":"fr-FR"},{"@type":"Organization","@id":"https:\/\/www.naturezvous78.fr\/#organization","name":"Naturez-Vous 78","url":"https:\/\/www.naturezvous78.fr\/","logo":{"@type":"ImageObject","inLanguage":"fr-FR","@id":"https:\/\/www.naturezvous78.fr\/#\/schema\/logo\/image\/","url":"https:\/\/www.naturezvous78.fr\/wp-content\/uploads\/2025\/03\/LOGOdefCONSTANCE2-2.png","contentUrl":"https:\/\/www.naturezvous78.fr\/wp-content\/uploads\/2025\/03\/LOGOdefCONSTANCE2-2.png","width":1293,"height":1509,"caption":"Naturez-Vous 78"},"image":{"@id":"https:\/\/www.naturezvous78.fr\/#\/schema\/logo\/image\/"}}]}},"_links":{"self":[{"href":"https:\/\/www.naturezvous78.fr\/index.php\/wp-json\/wp\/v2\/pages\/58","targetHints":{"allow":["GET"]}}],"collection":[{"href":"https:\/\/www.naturezvous78.fr\/index.php\/wp-json\/wp\/v2\/pages"}],"about":[{"href":"https:\/\/www.naturezvous78.fr\/index.php\/wp-json\/wp\/v2\/types\/page"}],"author":[{"embeddable":true,"href":"https:\/\/www.naturezvous78.fr\/index.php\/wp-json\/wp\/v2\/users\/1"}],"replies":[{"embeddable":true,"href":"https:\/\/www.naturezvous78.fr\/index.php\/wp-json\/wp\/v2\/comments?post=58"}],"version-history":[{"count":14,"href":"https:\/\/www.naturezvous78.fr\/index.php\/wp-json\/wp\/v2\/pages\/58\/revisions"}],"predecessor-version":[{"id":179,"href":"https:\/\/www.naturezvous78.fr\/index.php\/wp-json\/wp\/v2\/pages\/58\/revisions\/179"}],"wp:attachment":[{"href":"https:\/\/www.naturezvous78.fr\/index.php\/wp-json\/wp\/v2\/media?parent=58"}],"curies":[{"name":"wp","href":"https:\/\/api.w.org\/{rel}","templated":true}]}}